{"id":194,"date":"2018-05-15T14:01:57","date_gmt":"2018-05-15T12:01:57","guid":{"rendered":"http:\/\/transfersairportmalaga.com\/?page_id=194"},"modified":"2018-06-26T12:14:15","modified_gmt":"2018-06-26T10:14:15","slug":"politica-de-privacidad","status":"publish","type":"page","link":"https:\/\/transfersairportmalaga.com\/es\/politica-de-privacidad\/","title":{"rendered":"Pol\u00edtica de privacidad"},"content":{"rendered":"<table cellspacing=\"0\" cellpadding=\"0\">\n<tbody>\n<tr>\n<td valign=\"middle\">EP\u00cdGRAFE<\/td>\n<td valign=\"middle\"><span class=\"Apple-converted-space\">\u00a0<\/span>INFORMACI\u00d3N ART. 13 Y 14 RGPD FICHERO DE CLIENTES FINALES<\/td>\n<\/tr>\n<tr>\n<td rowspan=\"3\" valign=\"middle\">RESPONSABLE<span class=\"Apple-converted-space\">\u00a0<\/span>DEL TRATAMIENTO<\/td>\n<td valign=\"bottom\">Tel\u00e9fono: +0034 679 675 931 Email: info@transfersairportmalaga.com<\/td>\n<\/tr>\n<tr>\n<td valign=\"middle\">RESPONSABLE: TRANSFER AIRPORT MALAGA<\/td>\n<\/tr>\n<tr>\n<td valign=\"middle\"><\/td>\n<\/tr>\n<tr>\n<td rowspan=\"3\" valign=\"middle\">FINALIDAD<span class=\"Apple-converted-space\">\u00a0<\/span>\u00a0DEL TRATAMIENTO<\/td>\n<td valign=\"middle\">En TRANSFERS AIRPORT MALAGA, tratamos la informaci\u00f3n que nos facilita con el fin de prestarles el servicio y venderle los productos<span class=\"Apple-converted-space\">\u00a0\u00a0<\/span>solicitados, realizar la facturaci\u00f3n del mismo y gestionar el env\u00edo de informaci\u00f3n y prospecci\u00f3n comercial. Con el fin de poder ofrecerle los servicios de acuerdo con sus intereses, elaboraremos un perfil comercial en base a la informaci\u00f3n facilitada. No se tomar\u00e1n decisiones automatizadas en base a dicho perfil.<span class=\"Apple-converted-space\">\u00a0<\/span><\/td>\n<\/tr>\n<tr>\n<td valign=\"middle\">Los datos personales proporcionados se conservar\u00e1n, mientras se mantenga la relaci\u00f3n comercial y no se solicite su supresi\u00f3n por el interesado, durante un plazo de 5 a\u00f1os a partir de la \u00faltima contrataci\u00f3n y\/o compra efectuada por usted<\/td>\n<\/tr>\n<tr>\n<td valign=\"middle\">No se tomar\u00e1n decisiones automatizadas en base a dicho perfil.<\/td>\n<\/tr>\n<tr>\n<td rowspan=\"2\" valign=\"middle\">LEGITIMACI\u00d3N DEL TRATAMIENTO<\/td>\n<td valign=\"middle\">La base legal para el tratamiento de sus datos es la ejecuci\u00f3n del contrato mediante la compra del producto y\/o servicio de conformidad con el C\u00f3digo de Comercio y C\u00f3digo Civil. Resulta de aplicaci\u00f3n la Ley de Servicios de Sociedad de la Informaci\u00f3n 34\/2002 art\u00edculos 20 y 21 para el env\u00edo de ofertas comerciales mediante telecomunicaciones.<span class=\"Apple-converted-space\">\u00a0\u00a0<\/span>La oferta prospectiva de productos y servicios est\u00e1 basada en el consentimiento que se le solicita sin que en ning\u00fan caso la retirada de este consentimiento condicione el contrato de adquisici\u00f3n de producto y\/o prestaci\u00f3n de servicio.<span class=\"Apple-converted-space\">\u00a0<\/span><\/td>\n<\/tr>\n<tr>\n<td valign=\"middle\">Existe la obligaci\u00f3n de facilitar los datos de car\u00e1cter personal o, en caso contrario, no se puede prestar el servicio y\/o vender el producto y\/o facilitar la oferta solicitada.. Existe obligaci\u00f3n de facilitar el consentimiento para poder efectuar ofertas prospectivas y enviarle informaci\u00f3n comercial.<\/td>\n<\/tr>\n<tr>\n<td rowspan=\"2\" valign=\"middle\">DESTINATARIOS (CESIONES O TRANSFERENCIAS)<\/td>\n<td valign=\"middle\">No se ceder\u00e1n datos a terceros, salvo obligaci\u00f3n legal.<span class=\"Apple-converted-space\">\u00a0<\/span><\/td>\n<\/tr>\n<tr>\n<td valign=\"middle\">No hay previsi\u00f3n de transferencia de datos a terceros pa\u00edses. No se toman decisiones de adecuaci\u00f3n, garant\u00edas, normas corporativas vinculantes o situaciones espec\u00edficas aplicables.<\/td>\n<\/tr>\n<tr>\n<td rowspan=\"2\" valign=\"middle\">DERECHOS DE LOS INTERESADOS O AFECTADOS<\/td>\n<td valign=\"middle\">Cualquier persona tiene derecho a obtener confirmaci\u00f3n sobre si en TRANSFERS AIRPORT MALAGA., estamos tratando datos personales que les conciernen. Las personas interesadas tienen derecho a acceder a sus datos personales, as\u00ed como a solicitar la rectificaci\u00f3n de los datos inexactos, o en su caso, solicitar la supresi\u00f3n cuando, entre otros motivos, los datos ya no sean necesarios para los fines que fueron recogidos. En determinadas circunstancias, los interesados podr\u00e1n solicitar la limitaci\u00f3n del tratamiento de sus datos, en cuyo caso \u00fanicamente lo conservaremos para el ejercicio o la defensa de reclamaciones.<span class=\"Apple-converted-space\">\u00a0<\/span><\/td>\n<\/tr>\n<tr>\n<td valign=\"middle\">Usted tiene derecho a presentar una Reclamaci\u00f3n ante la Autoridad de Control: Agencia Espa\u00f1ola de Protecci\u00f3n de Datos (www.agpd.es).<\/td>\n<\/tr>\n<tr>\n<td valign=\"middle\">PROCEDENCIA DE LOS DATOS<\/td>\n<td valign=\"middle\">El propio interesado.<\/td>\n<\/tr>\n<\/tbody>\n<\/table>\n","protected":false},"excerpt":{"rendered":"<p>EP\u00cdGRAFE \u00a0INFORMACI\u00d3N ART. 13 Y 14 RGPD FICHERO DE CLIENTES FINALES RESPONSABLE\u00a0DEL TRATAMIENTO Tel\u00e9fono: +0034 679 675 931 Email: info@transfersairportmalaga.com RESPONSABLE: TRANSFER AIRPORT MALAGA FINALIDAD\u00a0\u00a0DEL TRATAMIENTO En TRANSFERS AIRPORT MALAGA, tratamos la informaci\u00f3n que nos facilita con el fin de prestarles el servicio y venderle los productos\u00a0\u00a0solicitados, realizar la facturaci\u00f3n del mismo y gestionar el &#8230; <a title=\"Pol\u00edtica de privacidad\" class=\"read-more\" href=\"https:\/\/transfersairportmalaga.com\/es\/politica-de-privacidad\/\">Read more<\/a><\/p>\n","protected":false},"author":1,"featured_media":0,"parent":0,"menu_order":0,"comment_status":"closed","ping_status":"closed","template":"","meta":{"generate_page_header":""},"_links":{"self":[{"href":"https:\/\/transfersairportmalaga.com\/es\/wp-json\/wp\/v2\/pages\/194\/"}],"collection":[{"href":"https:\/\/transfersairportmalaga.com\/es\/wp-json\/wp\/v2\/pages\/"}],"about":[{"href":"https:\/\/transfersairportmalaga.com\/es\/wp-json\/wp\/v2\/types\/page\/"}],"author":[{"embeddable":true,"href":"https:\/\/transfersairportmalaga.com\/es\/wp-json\/wp\/v2\/users\/1\/"}],"replies":[{"embeddable":true,"href":"https:\/\/transfersairportmalaga.com\/es\/wp-json\/wp\/v2\/comments\/?post=194"}],"version-history":[{"count":3,"href":"https:\/\/transfersairportmalaga.com\/es\/wp-json\/wp\/v2\/pages\/194\/revisions\/"}],"predecessor-version":[{"id":231,"href":"https:\/\/transfersairportmalaga.com\/es\/wp-json\/wp\/v2\/pages\/194\/revisions\/231\/"}],"wp:attachment":[{"href":"https:\/\/transfersairportmalaga.com\/es\/wp-json\/wp\/v2\/media\/?parent=194"}],"curies":[{"name":"wp","href":"https:\/\/api.w.org\/{rel}","templated":true}]}}