{"id":173,"date":"2018-05-15T13:38:54","date_gmt":"2018-05-15T11:38:54","guid":{"rendered":"http:\/\/transfersairportmalaga.com\/?page_id=173"},"modified":"2023-06-28T18:26:47","modified_gmt":"2023-06-28T16:26:47","slug":"nuestra-empresa","status":"publish","type":"page","link":"https:\/\/transfersairportmalaga.com\/es\/nuestra-empresa\/","title":{"rendered":"Nuestra empresa"},"content":{"rendered":"\t\t<div class=\"elementor elementor-173\">\n\t\t\t<div class=\"elementor-inner\">\n\t\t\t\t<div class=\"elementor-section-wrap\">\n\t\t\t\t\t\t\t<section data-id=\"007b7e0\" class=\"elementor-element elementor-element-007b7e0 elementor-reverse-mobile elementor-section-boxed elementor-section-height-default elementor-section-height-default elementor-section elementor-top-section\" data-element_type=\"section\">\n\t\t\t\t\t\t<div class=\"elementor-container elementor-column-gap-default\">\n\t\t\t\t<div class=\"elementor-row\">\n\t\t\t\t<div data-id=\"42b3a86\" class=\"elementor-element elementor-element-42b3a86 elementor-column elementor-col-50 elementor-top-column\" data-element_type=\"column\">\n\t\t\t<div class=\"elementor-column-wrap elementor-element-populated\">\n\t\t\t\t\t<div class=\"elementor-widget-wrap\">\n\t\t\t\t<div data-id=\"6e2a3eb\" class=\"elementor-element elementor-element-6e2a3eb elementor-widget elementor-widget-text-editor\" data-element_type=\"text-editor.default\">\n\t\t\t\t<div class=\"elementor-widget-container\">\n\t\t\t\t\t<div class=\"elementor-text-editor elementor-clearfix\"><p align=\"JUSTIFY\">Nuestra filosof\u00eda es, sin duda, la de poner a disposici\u00f3n del cliente un servicio de transporte privado y personalizado.<\/p>\n<p align=\"JUSTIFY\">Somos un servicio de veh\u00edculos de lujo que le <a href=\"https:\/\/sites.google.com\/view\/seat-covers-unlimited\">covers<\/a> llevaremos a donde Usted nos indique, tanto traslado a la costa oriental como occidental de M\u00e1laga, as\u00ed como las diferentes costas y lugares de toda Andaluc\u00eda. Tomando como partida tanto el aeropuerto, el puerto o la estaci\u00f3n de trenes en el caso de llegadas, as\u00ed como hoteles y diferentes puntos en el caso de las salidas.<\/p>\n<blockquote>\n<p align=\"JUSTIFY\">El cliente s\u00f3lo deber\u00e1 abonar el servicio realizado, nada de cobro por adelantado.<\/p>\n<\/blockquote>\n<p align=\"JUSTIFY\">En el caso de que su destino no se encontrar\u00e1 descrito en nuestras tarifas y tablas, le rogamos p\u00f3ngase en contacto con nosotros para facilitarle posteriormente un presupuesto realizado a su medida.\u00a0Asimismo el cliente s\u00f3lo deber\u00e1 abonar el servicio realizado, nada de cobro por adelantado.<\/p><\/div>\n\t\t\t\t<\/div>\n\t\t\t\t<\/div>\n\t\t\t\t\t\t<\/div>\n\t\t\t<\/div>\n\t\t<\/div>\n\t\t\t\t<div data-id=\"39ec66a\" class=\"elementor-element elementor-element-39ec66a elementor-column elementor-col-50 elementor-top-column\" data-element_type=\"column\">\n\t\t\t<div class=\"elementor-column-wrap elementor-element-populated\">\n\t\t\t\t\t<div class=\"elementor-widget-wrap\">\n\t\t\t\t<div data-id=\"8ad3c36\" class=\"elementor-element elementor-element-8ad3c36 elementor-widget elementor-widget-image\" data-element_type=\"image.default\">\n\t\t\t\t<div class=\"elementor-widget-container\">\n\t\t\t\t\t<div class=\"elementor-image\">\n\t\t\t\t\t\t\t\t\t\t<img width=\"1000\" height=\"750\" src=\"https:\/\/transfersairportmalaga.com\/wp-content\/uploads\/2018\/04\/chofer.jpg\" class=\"attachment-large size-large\" alt=\"\" decoding=\"async\" loading=\"lazy\" srcset=\"https:\/\/transfersairportmalaga.com\/wp-content\/uploads\/2018\/04\/chofer.jpg 1000w, https:\/\/transfersairportmalaga.com\/wp-content\/uploads\/2018\/04\/chofer-300x225.jpg 300w, https:\/\/transfersairportmalaga.com\/wp-content\/uploads\/2018\/04\/chofer-768x576.jpg 768w\" sizes=\"(max-width: 1000px) 100vw, 1000px\" \/>\t\t\t\t\t\t\t\t\t\t\t<\/div>\n\t\t\t\t<\/div>\n\t\t\t\t<\/div>\n\t\t\t\t\t\t<\/div>\n\t\t\t<\/div>\n\t\t<\/div>\n\t\t\t\t\t\t<\/div>\n\t\t\t<\/div>\n\t\t<\/section>\n\t\t\t\t<section data-id=\"1958a7f\" class=\"elementor-element elementor-element-1958a7f elementor-section-boxed elementor-section-height-default elementor-section-height-default elementor-section elementor-top-section\" data-element_type=\"section\">\n\t\t\t\t\t\t<div class=\"elementor-container elementor-column-gap-default\">\n\t\t\t\t<div class=\"elementor-row\">\n\t\t\t\t<div data-id=\"93b8d6e\" class=\"elementor-element elementor-element-93b8d6e elementor-column elementor-col-50 elementor-top-column\" data-element_type=\"column\">\n\t\t\t<div class=\"elementor-column-wrap elementor-element-populated\">\n\t\t\t\t\t<div class=\"elementor-widget-wrap\">\n\t\t\t\t<div data-id=\"b28bb53\" class=\"elementor-element elementor-element-b28bb53 elementor-widget elementor-widget-image\" data-element_type=\"image.default\">\n\t\t\t\t<div class=\"elementor-widget-container\">\n\t\t\t\t\t<div class=\"elementor-image\">\n\t\t\t\t\t\t\t\t\t\t<img width=\"1000\" height=\"667\" src=\"https:\/\/transfersairportmalaga.com\/wp-content\/uploads\/2018\/04\/conductor.jpg\" class=\"attachment-large size-large\" alt=\"\" decoding=\"async\" loading=\"lazy\" srcset=\"https:\/\/transfersairportmalaga.com\/wp-content\/uploads\/2018\/04\/conductor.jpg 1000w, https:\/\/transfersairportmalaga.com\/wp-content\/uploads\/2018\/04\/conductor-300x200.jpg 300w, https:\/\/transfersairportmalaga.com\/wp-content\/uploads\/2018\/04\/conductor-768x512.jpg 768w\" sizes=\"(max-width: 1000px) 100vw, 1000px\" \/>\t\t\t\t\t\t\t\t\t\t\t<\/div>\n\t\t\t\t<\/div>\n\t\t\t\t<\/div>\n\t\t\t\t\t\t<\/div>\n\t\t\t<\/div>\n\t\t<\/div>\n\t\t\t\t<div data-id=\"a4ef7bd\" class=\"elementor-element elementor-element-a4ef7bd elementor-column elementor-col-50 elementor-top-column\" data-element_type=\"column\">\n\t\t\t<div class=\"elementor-column-wrap elementor-element-populated\">\n\t\t\t\t\t<div class=\"elementor-widget-wrap\">\n\t\t\t\t<div data-id=\"8022e50\" class=\"elementor-element elementor-element-8022e50 elementor-widget elementor-widget-text-editor\" data-element_type=\"text-editor.default\">\n\t\t\t\t<div class=\"elementor-widget-container\">\n\t\t\t\t\t<div class=\"elementor-text-editor elementor-clearfix\"><p align=\"JUSTIFY\">Nuestros servicios se basar\u00e1n tanto en la discreci\u00f3n absoluta como en el confort que se le dispensar\u00e1 al cliente, todo ello a un precio m\u00e1s que competitivo. Y, sobre todo, siempre puntuales tanto en transfer de llegadas como de salidas.<\/p><p align=\"JUSTIFY\">Nuestra flota de veh\u00edculos es de reciente adquisici\u00f3n, suscritos a las diferentes ordenanzas y legislaciones europeas, asegurando tanto a conductor como a los pasajeros en el m\u00e1s alto nivel.<\/p><p align=\"JUSTIFY\">Nuestros conductores son especialistas en la materia, con un conocimiento extenso de los diferentes itinerarios y atajos as\u00ed como de los diferentes hoteles existentes en la zona. A\u00f1adi\u00e9ndose un conocimiento pormenorizado de los diferentes focos de inter\u00e9s y ocio.<\/p><p align=\"JUSTIFY\">No se la juegue con tediosas colas, horas de conducci\u00f3n y parking innecesarios, cuente con nosotros y volver\u00e1 a repetir. Apueste sobre seguro y ll\u00e1menos.<\/p><\/div>\n\t\t\t\t<\/div>\n\t\t\t\t<\/div>\n\t\t\t\t\t\t<\/div>\n\t\t\t<\/div>\n\t\t<\/div>\n\t\t\t\t\t\t<\/div>\n\t\t\t<\/div>\n\t\t<\/section>\n\t\t\t\t\t\t<\/div>\n\t\t\t<\/div>\n\t\t<\/div>\n\t\t","protected":false},"excerpt":{"rendered":"<p>Nuestra filosof\u00eda es, sin duda, la de poner a disposici\u00f3n del cliente un servicio de transporte privado y personalizado. Somos un servicio de veh\u00edculos de lujo que le covers llevaremos a donde Usted nos indique, tanto traslado a la costa oriental como occidental de M\u00e1laga, as\u00ed como las diferentes costas y lugares de toda Andaluc\u00eda. &#8230; <a title=\"Nuestra empresa\" class=\"read-more\" href=\"https:\/\/transfersairportmalaga.com\/es\/nuestra-empresa\/\">Read more<\/a><\/p>\n","protected":false},"author":1,"featured_media":0,"parent":0,"menu_order":0,"comment_status":"closed","ping_status":"closed","template":"","meta":{"generate_page_header":""},"_links":{"self":[{"href":"https:\/\/transfersairportmalaga.com\/es\/wp-json\/wp\/v2\/pages\/173\/"}],"collection":[{"href":"https:\/\/transfersairportmalaga.com\/es\/wp-json\/wp\/v2\/pages\/"}],"about":[{"href":"https:\/\/transfersairportmalaga.com\/es\/wp-json\/wp\/v2\/types\/page\/"}],"author":[{"embeddable":true,"href":"https:\/\/transfersairportmalaga.com\/es\/wp-json\/wp\/v2\/users\/1\/"}],"replies":[{"embeddable":true,"href":"https:\/\/transfersairportmalaga.com\/es\/wp-json\/wp\/v2\/comments\/?post=173"}],"version-history":[{"count":8,"href":"https:\/\/transfersairportmalaga.com\/es\/wp-json\/wp\/v2\/pages\/173\/revisions\/"}],"predecessor-version":[{"id":312,"href":"https:\/\/transfersairportmalaga.com\/es\/wp-json\/wp\/v2\/pages\/173\/revisions\/312\/"}],"wp:attachment":[{"href":"https:\/\/transfersairportmalaga.com\/es\/wp-json\/wp\/v2\/media\/?parent=173"}],"curies":[{"name":"wp","href":"https:\/\/api.w.org\/{rel}","templated":true}]}}