{"id":192,"date":"2018-05-15T14:01:38","date_gmt":"2018-05-15T12:01:38","guid":{"rendered":"http:\/\/transfersairportmalaga.com\/?page_id=192"},"modified":"2018-06-26T12:21:43","modified_gmt":"2018-06-26T10:21:43","slug":"aviso-legal","status":"publish","type":"page","link":"http:\/\/transfersairportmalaga.com\/es\/aviso-legal\/","title":{"rendered":"Aviso legal"},"content":{"rendered":"<h2>1. Identidad del titular de la web<\/h2>\n<p>Los t\u00e9rminos y condiciones que a continuaci\u00f3n se indican regulan el acceso y el uso del sitio web www.transfersairportmalaga.com (y sus variantes y dominios registrados). Este dominio, y lo que contiene es propiedad de TRANSFERS AIRPORT MALAGA (en adelante TRANSFERS AIRPORT MALAGA).<\/p>\n<h2>2. T\u00e9rminos legales y condiciones<\/h2>\n<p>La utilizaci\u00f3n de este sitio Web supone un acuerdo entre el Usuario y TRANSFERS AIRPORT MALAGA, lo cual implica la adhesi\u00f3n plena y sin reservas a todas y cada una de las condiciones generales publicadas por TRANSFERS AIRPORT MALAGA, en la versi\u00f3n publicada y vigente en el momento en que se acceda al mismo. Por ello, se recomienda al Usuario leer las mismas atentamente cada vez que acceda al sitio Web.<\/p>\n<p>TRANSFERS AIRPORT MALAGA podr\u00e1 alterar en cualquier momento y sin previo aviso, el dise\u00f1o, presentaci\u00f3n y\/o configuraci\u00f3n del sitio Web, as\u00ed como algunos o todos los Contenidos, y modificar las condiciones generales y\/o condiciones particulares requeridas para utilizar los mismos.<\/p>\n<p>Los datos de car\u00e1cter personal facilitados por el usuario para completar los formularios que se facilitan en la web, ser\u00e1n tratados con el grado de protecci\u00f3n adecuado, tom\u00e1ndose las medidas de seguridad legalmente necesarias para evitar su p\u00e9rdida, deterioro y suministro y acceso a terceros no autorizados.<\/p>\n<h2>3. Responsabilidad y garant\u00eda de TRANSFERS AIRPORT MALAGA<\/h2>\n<p>ACCESO<\/p>\n<p>Con car\u00e1cter general, los Usuarios podr\u00e1n acceder al Sitio Web de forma libre y gratuita. No obstante, TRANSFERS AIRPORT MALAGA se reserva conforme a la legislaci\u00f3n vigente el derecho de limitar el acceso a determinadas \u00e1reas del sitio Web. En estos casos, como requisito previo para poder acceder al servicio, el Usuario deber\u00e1 registrarse facilitando toda la informaci\u00f3n solicitada, de forma actualizada y real. El usuario es responsable de custodiar y tratar de forma confidencial la contrase\u00f1a que le sea proporcionada por TRANSFERS AIRPORT MALAGA para acceder al sitio Web si eses el caso, evitando el acceso con ellas de terceras personas no autorizadas. El usuario acepta hacerse responsable de las consecuencias derivadas de cualquier utilizaci\u00f3n del sitio Web que se produzca mediante el uso de la contrase\u00f1a del Usuario por terceros no autorizados.<\/p>\n<p>TRANSFERS AIRPORT MALAGA se reserva el derecho a denegar o retirar el acceso al Portal y\/o a los Servicios, en cualquier momento y sin necesidad de previo aviso a aquellos USUARIOS que incumplan estas Condiciones Generales.<\/p>\n<p>CONTENIDOS<\/p>\n<p>TRANSFERS AIRPORT MALAGA se reserva el derecho a interrumpir el acceso a su sitio Web , as\u00ed como la prestaci\u00f3n de cualquiera o de todos los Contenidos que se prestan a trav\u00e9s del mismo en cualquier momento y sin previo aviso, ya sea por motivos t\u00e9cnicos, de seguridad, de control, de mantenimiento, por fallos de suministro el\u00e9ctrico o por cualquier otra causa. Dicha interrupci\u00f3n podr\u00e1 tener car\u00e1cter temporal o definitivo, en cuyo caso se comunicar\u00e1 tal circunstancia a los Usuarios, quienes podr\u00e1n sufrir la p\u00e9rdida, en su caso, de la informaci\u00f3n almacenada en los distintos servicios.<\/p>\n<p>En consecuencia, TRANSFERS AIRPORT MALAGA no garantiza la fiabilidad, la disponibilidad ni la continuidad de su sitio Web ni de los Contenidos, por lo que la utilizaci\u00f3n de los mismos por parte del Usuario se lleva a cabo por su propia cuenta y riesgo, sin que, en ning\u00fan momento, puedan exigirse responsabilidades a TRANSFERS AIRPORT MALAGA en este sentido.<\/p>\n<p>TRANSFERS AIRPORT MALAGA se reserva el derecho a modificar, suspender, cancelar o restringir el contenido de la Web, los v\u00ednculos o la informaci\u00f3n obtenida a trav\u00e9s de ella, sin necesidad de previo aviso.<\/p>\n<p>TRANSFERS AIRPORT MALAGA no ser\u00e1 responsable de cualquier tipo de perjuicio, p\u00e9rdidas, reclamaciones o gastos de ning\u00fan tipo, de la Informaci\u00f3n adquirida o accedida por o a trav\u00e9s de la Web, de virus inform\u00e1ticos, de fallos operativos o de interrupciones en el servicio o transmisi\u00f3n, o fallos en la l\u00ednea.<\/p>\n<p>Queda prohibido transmitir o enviar a trav\u00e9s de la Web cualquier contenido ilegal o il\u00edcito, virus inform\u00e1ticos, o mensajes que, en general, afecten o violen derechos de TRANSFERS AIRPORT MALAGA o de terceros.<\/p>\n<p>TRANSFERS AIRPORT MALAGA no se hace responsable de las Webs no propias a los que se puede acceder mediante v\u00ednculos (\u201clinks\u201d) o de cualquier contenido puesto a disposici\u00f3n por terceros. Cualquier uso de un v\u00ednculo o acceso a una Web no propia es realizado por voluntad y riesgo exclusivo del usuario. TRANSFERS AIRPORT MALAGA no recomienda ni garantiza ninguna informaci\u00f3n obtenida por o a trav\u00e9s de un v\u00ednculo, ni se responsabiliza de ninguna p\u00e9rdida, reclamaci\u00f3n o perjuicio derivado del uso o mal uso de un v\u00ednculo, o de la informaci\u00f3n obtenida a trav\u00e9s de \u00e9l, incluyendo otros v\u00ednculos o Webs, de la interrupci\u00f3n en el servicio o en el acceso, o del intento de usar o usar mal un v\u00ednculo, tanto al acceder a la Web, como al acceder a la informaci\u00f3n de otras Webs desde la Web.<\/p>\n<h2>4. Obligaci\u00f3n de hacer uso correcto del sitio web y de los contenidos<\/h2>\n<p>El USUARIO se compromete a utilizar el Portal, los Servicios, los Contenidos y estas Condiciones Generales de conformidad con la ley, la moral, las buenas costumbres y el orden p\u00fablico. Del mismo modo, se obliga a usar el Portal, los Servicios y los Contenidos de forma diligente, correcta y l\u00edcita y a no utilizarlos con fines contrarios al contenido de las presentes Condiciones Generales, o que sean, lesivos de los intereses o derechos de terceros, o que de cualquier forma pueda da\u00f1ar, inutilizar o deteriorar el sitio Web o sus servicios, o impedir un normal disfrute del Web por otros Usuarios. En particular, y a t\u00edtulo meramente indicativo y no exhaustivo, el usuario se compromete a abstenerse de reproducir o copiar, distribuir, o poner a disposici\u00f3n de terceros informaciones, datos, contenidos, mensajes, gr\u00e1ficos, dibujos, archivos de sonido y\/o imagen, fotograf\u00edas, grabaciones, software y, en general, cualquier clase de material que:<\/p>\n<p>1. De cualquier forma sea contrario, menosprecie o atente contra los derechos fundamentales y las libertades p\u00fablicas reconocidas constitucionalmente, en los tratados internacionales y en el resto de la legislaci\u00f3n;<\/p>\n<p>2. Induzca, incite o promueva actuaciones delictivas, denigratorias, difamatorias, infamantes, violentas o, en general, contrarias a la ley, a la moral y buenas costumbres generalmente aceptadas o al orden p\u00fablico.<\/p>\n<p>3. Induzca, incite o promueva actuaciones, actitudes o pensamientos discriminatorios por raz\u00f3n de sexo, raza, religi\u00f3n, creencias, edad o condici\u00f3n;<\/p>\n<p>4. Incorpore, ponga a disposici\u00f3n o permita acceder a productos, elementos, mensajes y\/o servicios delictivos, violentos, ofensivos, nocivos, degradantes o, en general, contrarios a la ley, a la moral y a las buenas costumbres generalmente aceptadas o al orden p\u00fablico;<\/p>\n<p>5. Sea falso, ambiguo, inexacto, exagerado o extempor\u00e1neo, de forma que induzca o pueda inducir a error sobre su objeto o sobre las intenciones o prop\u00f3sitos del comunicante;<\/p>\n<p>6. Se encuentre protegido por cualesquiera derechos de propiedad intelectual o industrial pertenecientes a terceros, sin que el usuario haya obtenido previamente de sus titulares la autorizaci\u00f3n necesaria para llevar a cabo el uso que efect\u00faa o pretende efectuar;<\/p>\n<p>7. Viole los secretos empresariales de terceros;<\/p>\n<p>8. Sea contrario al derecho al honor, a la intimidad personal y familiar o a la propia imagen de las personas;<\/p>\n<p>9. De cualquier manera menoscabe el cr\u00e9dito de TRANSFERS AIRPORT MALAGA o de terceros;<\/p>\n<p>10. Infrinja la normativa sobre secreto de las comunicaciones;<\/p>\n<p>11. Constituya, en su caso, publicidad il\u00edcita, enga\u00f1osa o desleal y, en general, que constituya competencia desleal;<\/p>\n<p>12. Incorpore virus, programas, u otros elementos f\u00edsicos o electr\u00f3nicos que sean susceptibles de causar cualquier tipo de alteraci\u00f3n en los sistemas inform\u00e1ticos de TRANSFERS AIRPORT MALAGA o de terceros.<\/p>\n<p>De conformidad con lo dispuesto anteriormente, el Usuario se compromete a utilizar los contenidos puestos a disposici\u00f3n de los Usuarios en el sitio Web, entendiendo por estos, sin que esta enumeraci\u00f3n tenga car\u00e1cter limitativo, los textos, fotograf\u00edas, gr\u00e1ficos, im\u00e1genes, iconos, tecnolog\u00eda, software, links y dem\u00e1s contenidos audiovisuales o sonoros, as\u00ed como su dise\u00f1o gr\u00e1fico y c\u00f3digos fuente (en adelante, los \u00abContenidos\u00bb), de conformidad con la ley, las presentes condiciones, los dem\u00e1s avisos, reglamentos de uso e instrucciones puestos en su conocimiento, as\u00ed como con la moral y las buenas costumbres generalmente aceptadas y el orden p\u00fablico, y, en particular, se compromete a abstenerse de: a)reproducir, copiar, distribuir, poner a disposici\u00f3n o de cualquier otra forma comunicar p\u00fablicamente, transformar o modificar los Contenidos, a menos que se cuente con la autorizaci\u00f3n del titular de los correspondientes derechos o ello resulte legalmente permitido; b)Suprimir, eludir o manipular el \u00abcopyright\u00bb y dem\u00e1s datos identificativos de los derechos de sus titulares incorporados a los Contenidos, as\u00ed como los dispositivos t\u00e9cnicos de protecci\u00f3n, o cualesquiera mecanismos de informaci\u00f3n que pudieren contener los Contenidos.<\/p>\n<h2>5. Propiedad industrial e intelectual<\/h2>\n<p>Esta Web es propiedad de TRANSFERS AIRPORT MALAGA. Los derechos de Propiedad Intelectual y derechos de explotaci\u00f3n y reproducci\u00f3n de esta Web, de sus p\u00e1ginas, pantallas, la informaci\u00f3n que contienen, su apariencia y dise\u00f1o, as\u00ed como los v\u00ednculos que se establezcan desde ella a otras p\u00e1ginas Web de cualquier sociedad de las indicadas anteriormente, son propiedad exclusiva de \u00e9ste, salvo que se especifique otra cosa. Todas las denominaciones, dise\u00f1os y\/o logotipos que componen esta p\u00e1gina son marcas debidamente registradas.<\/p>\n<p>Cualquier uso indebido de las mismas por persona diferente de su leg\u00edtimo titular podr\u00e1 ser perseguido de conformidad con la legislaci\u00f3n vigente. Los derechos de propiedad intelectual y marcas de terceros est\u00e1n destacados convenientemente y deben ser respetados por todo aquel que acceda a la Web. Solo para uso personal y privado se permite descargar los contenidos, copiar o imprimir cualquier p\u00e1gina de esta Web. Queda prohibido reproducir, transmitir, modificar o suprimir la informaci\u00f3n, contenido u advertencias de esta Web sin la previa autorizaci\u00f3n escrita de TRANSFERS AIRPORT MALAGA.<\/p>\n<h2>6. Pol\u00edtica de Privacidad<\/h2>\n<p>De acuerdo con la normativa vigente en materia de protecci\u00f3n de datos as\u00ed como en materia de servicios de la sociedad de la informaci\u00f3n y de comercio electr\u00f3nico, el usuario acepta que los datos personales aportados en la Web, o cualquier otro facilitado a TRANSFERS AIRPORT MALAGA para su acceso a algunos de los servicios sean incorporados a ficheros titularidad de TRANSFERS AIRPORT MALAGA, con la finalidad de facilitar la prestaci\u00f3n de los servicios solicitados, para la correcta identificaci\u00f3n de los usuarios que solicitan servicios personalizados en la Web, para la gesti\u00f3n de tareas b\u00e1sicas de administraci\u00f3n, as\u00ed como para mantenerle informado, bien por correo electr\u00f3nico bien por cualquier otro medio, de novedades, productos y servicios relacionados con TRANSFERS AIRPORT MALAGA. En el caso de comunicaciones comerciales a trav\u00e9s de correo electr\u00f3nico o medio equivalente, el usuario presta su consentimiento expreso para el env\u00edo de publicidad a trav\u00e9s de dicho medio.<\/p>\n<p>TRANSFERS AIRPORT MALAGA se compromete al cumplimiento de su obligaci\u00f3n de secreto de los datos de car\u00e1cter personal y de su deber de tratarlos con confidencialidad, y asume, a estos efectos, las medidas de \u00edndole t\u00e9cnica, organizativa y de seguridad necesarias para evitar su alteraci\u00f3n, p\u00e9rdida, tratamiento o acceso no autorizado, de acuerdo con lo establecido en la Ley Org\u00e1nica 15\/1999 de 13 de diciembre, de Protecci\u00f3n de Datos de Car\u00e1cter Personal, y dem\u00e1s legislaci\u00f3n aplicable.<\/p>\n<p>Asimismo, el acceso a los servicios transaccionales y aquellos que incluyen la captura de datos personales se realiza en un entorno seguro utilizando protocolo SSL (Secure Socker Layer). El servidor seguro establece una conexi\u00f3n de modo que la informaci\u00f3n se transmite cifrada. Esto asegura que el contenido transmitido es s\u00f3lo inteligible para el ordenador del cliente y el servidor contratado por TRANSFERS AIRPORT MALAGA. La garant\u00eda de seguridad de nuestros servidores viene respaldada por un certificado expedido por la empresa proveedora del servicio de hosting. Este certificado garantiza que el cliente est\u00e1 comunicando sus datos al servidor contratado por TRANSFERS AIRPORT MALAGA.<\/p>\n<p>Los campos se\u00f1alados con un asterisco (*) tienen un car\u00e1cter obligatorio, al considerarse la informaci\u00f3n m\u00ednima exigible para gestionar la informaci\u00f3n solicitada. Sin esta informaci\u00f3n ser\u00eda imposible desarrollar el servicio solicitado. El resto de los campos son de respuesta facultativa.<\/p>\n<p>El usuario responder\u00e1, en cualquier caso, de la veracidad de los datos facilitados, reserv\u00e1ndose TRANSFERS AIRPORT MALAGA el derecho a excluir de los servicios registrados a todo usuario que haya facilitado datos falsos, sin perjuicio de las dem\u00e1s acciones que procedan en Derecho.<\/p>\n<p>Cualquier usuario puede en cualquier momento ejercitar sus derechos de acceso, rectificaci\u00f3n, cancelaci\u00f3n y oposici\u00f3n, mediante un escrito, acreditando su identidad, mediante fotocopia del DNI, y especificando el derecho a ejercitar, a:<\/p>\n<p>TRANSFERS AIRPORT MALAGA info@transfersairportmalaga.com +0034679675931<\/p>\n<p><strong>7. Legislaci\u00f3n aplicable<\/strong><\/p>\n<p>Las presentes condiciones generales se regir\u00e1n por la legislaci\u00f3n espa\u00f1ola. Usuario y propietario del sitio web, se someten a la competencia de los Tribunales de M\u00e1laga.<\/p>\n","protected":false},"excerpt":{"rendered":"<p>1. Identidad del titular de la web Los t\u00e9rminos y condiciones que a continuaci\u00f3n se indican regulan el acceso y el uso del sitio web www.transfersairportmalaga.com (y sus variantes y dominios registrados). Este dominio, y lo que contiene es propiedad de TRANSFERS AIRPORT MALAGA (en adelante TRANSFERS AIRPORT MALAGA). 2. T\u00e9rminos legales y condiciones La &#8230; <a title=\"Aviso legal\" class=\"read-more\" href=\"http:\/\/transfersairportmalaga.com\/es\/aviso-legal\/\">Read more<\/a><\/p>\n","protected":false},"author":1,"featured_media":0,"parent":0,"menu_order":0,"comment_status":"closed","ping_status":"closed","template":"","meta":{"generate_page_header":""},"_links":{"self":[{"href":"http:\/\/transfersairportmalaga.com\/es\/wp-json\/wp\/v2\/pages\/192\/"}],"collection":[{"href":"http:\/\/transfersairportmalaga.com\/es\/wp-json\/wp\/v2\/pages\/"}],"about":[{"href":"http:\/\/transfersairportmalaga.com\/es\/wp-json\/wp\/v2\/types\/page\/"}],"author":[{"embeddable":true,"href":"http:\/\/transfersairportmalaga.com\/es\/wp-json\/wp\/v2\/users\/1\/"}],"replies":[{"embeddable":true,"href":"http:\/\/transfersairportmalaga.com\/es\/wp-json\/wp\/v2\/comments\/?post=192"}],"version-history":[{"count":2,"href":"http:\/\/transfersairportmalaga.com\/es\/wp-json\/wp\/v2\/pages\/192\/revisions\/"}],"predecessor-version":[{"id":234,"href":"http:\/\/transfersairportmalaga.com\/es\/wp-json\/wp\/v2\/pages\/192\/revisions\/234\/"}],"wp:attachment":[{"href":"http:\/\/transfersairportmalaga.com\/es\/wp-json\/wp\/v2\/media\/?parent=192"}],"curies":[{"name":"wp","href":"https:\/\/api.w.org\/{rel}","templated":true}]}}